{"id":1533,"date":"2021-02-09T07:23:13","date_gmt":"2021-02-09T07:23:13","guid":{"rendered":"https:\/\/icmlant.com\/?page_id=1533"},"modified":"2026-03-20T00:06:45","modified_gmt":"2026-03-20T00:06:45","slug":"committee","status":"publish","type":"page","link":"https:\/\/icmlant.com\/?page_id=1533","title":{"rendered":"Committee"},"content":{"rendered":"<p>[vc_row][vc_column]\r\n\t\t\t\t\t<div class=\"jx-ievent-title-3 jx-ievent-dark\">\r\n\t\t\t\t\t\t<div class=\"jx-ievent-title jx-ievent-uppercase\">Committee<span> <\/span><\/div>\r\n\t\t\t\t\t\t<div class=\"jx-ievent-hr-title\"><\/div>\r\n\t\t\t\t   <\/div>\r\n\t\t\t\t[vc_column_text]<strong>General Chair<br \/>\n<\/strong>Manuel Cardona, Ph.D. SMIEEE, Don Bosco University \/ STEAM Robotics Academy, El Salvador, Central America<\/p>\n<ul>\n<li><strong>Steering Committee Chair<\/strong><\/li>\n<li>Vijender Kumar Solanki, Ph.D., SMIEEE, CMR Institute of Technology, Hyderabad, TS, India<\/li>\n<li><strong>Conference Treasurer<\/strong><\/li>\n<li>Vijender Kumar Solanki, Ph.D., SMIEEE, CMR Institute of Technology, Hyderabad, TS, India<\/li>\n<li><strong style=\"font-size: 14px;\"><strong>Technical <\/strong>Program Chair<\/strong><\/li>\n<li>Jos\u00e9 Luis Ord\u00f3\u00f1ez, PhD . Universidad Tecnol\u00f3gica Centroamericana, Honduras<\/li>\n<li><\/li>\n<\/ul>\n<p><strong>Publication Chair<br \/>\n<\/strong><\/p>\n<ul>\n<li>Bryan V\u00e1squez, Eng. STEAM Robotics Academy, El Salvador<\/li>\n<\/ul>\n<ul>\n<li>Manuel Cardona, Ph.D. SMIEEE, Don Bosco University \/ STEAM Robotics Academy, El Salvador, Central America<\/li>\n<li><\/li>\n<\/ul>\n<p><strong>Technical Program Committee<\/strong><\/p>\n<ul>\n<li><span style=\"font-size: 14px;\">Abhinav Tomar, PhD, UPES Dehradun, UK, India<\/span><\/li>\n<\/ul>\n<p>Anchit Bijalwan, Ph.D., Arba Minch University<\/p>\n<p>Anitha S, Ph.D., ACSCE, Bangalore, Karnataka, India<\/p>\n<p>Anuj Singhal, Ph.D.. GJU S&amp;T, Hisar, Haryana, India<\/p>\n<p>H\u00e9ctor Ca\u00f1as, PhD, Universidad Don Bosco, UDB, El Salvador<\/p>\n<p>Yaldiel Rodr\u00edguez Gallo, PhD, Universidad Don Bosco, UDB, El Salvador<\/p>\n<p>Chander Prabha, Ph.D. Chandigarh University, Punjab, India<\/p>\n<p>Claudia Lorena Garz\u00f3n Castro, PhD, Universidad de La Sabana<\/p>\n<p>Claudia Nallely S\u00e1nchez, PhD, Universidad Panamericana, M\u00e9xico<\/p>\n<p>Deepak\u00a0Kshirsagar, Ph.D., College of Engineering Pune, Maharashtra, India<\/p>\n<p>Duc-Tan Tran, Ph.D., Phenikaa University, Vietnam<\/p>\n<p>Hiram Ponce, Ph.D, Universidad Panamericana<\/p>\n<p>Josu\u00e9 Ort\u00edz Medina, Ph.D, Universidad Panamericana, M\u00e9xico<\/p>\n<p>Jyoteesh Malhotra, Ph.D., Guru Nanak Dev University, Regional Campus, Jalandhar, Punjab, India<\/p>\n<p>Lam Sinh Cong, Ph.D., University of Engineering and Technology, VNU, Hanoi, Vietnam<\/p>\n<p>Le Anh Ngoc, Ph.D., Electric Power University, Hanoi, Viet Nam<\/p>\n<p>Marcin Paprzycki, Ph.D.,\u00a0 D.Sc., SMIEEE, Systems Research Institute, Polish Academy of Sciences<\/p>\n<p>Monica Huerta, PhD, Universidad Salesiana del Ecuador, Ecuador<\/p>\n<p>Naresh Kumar, Ph.D., Central University of Haryana, India<\/p>\n<p>Nguyen Canh Minh, Ph.D., University of Transport and Communications (UTC), Vietnam<\/p>\n<p>Nguyen Dang Khoa, Ph.D.,\u00a0 Phenikaa University, Vietnam<\/p>\n<p>Nguyen Thi Dieu Linh, Ph.D.,\u00a0 Hanoi University of Industry, Vietnam<\/p>\n<p>Nguyen Tien Anh, Ph.D., Le Quy Don Technical University, Vietnam<\/p>\n<p>Nguyen Van Thang, Ph.D., ThuyLoi University, VietNam<\/p>\n<p>Pedro Rodrigo Cruz, PhD, Universidad de Ja\u00e9n, Spain<\/p>\n<p>Pham Minh Nghia, Ph.D., Le Quy Don University, Vietnam<\/p>\n<p>Ricardo Espinosa Loera, Universidad Panamericana, M\u00e9xico<\/p>\n<p>Ramiro Vel\u00e1squez, PhD, Universidad Panam\u00e9ricana, M\u00e9xico<\/p>\n<p>Rizwan Khan. Ph.D., ABES Institute of Technology, Ghaziabad (U.P.), India<\/p>\n<p>Ruma Mukherjee, Principal Engineer, Intel<\/p>\n<p>Sebasti\u00e1n Guti\u00e9rrez, PhD, Universidad Panam\u00e9ricana, M\u00e9xico<\/p>\n<p>Sudan Jha, Ph.D., Chandigarh University, Punjab, India<\/p>\n<p>Sumit Kumar, PhD, Gopal Narayan SIngh University, Sasaram, Bihar, India.<\/p>\n<p>Tran Duc Nghia, Ph.D., Institute of Information Technology (IoIT), VAST, Vietnam<\/p>\n<p>Tran Thi Thuy Quynh, Ph.D., University of Engineering and Technology, VNU, Hanoi<\/p>\n<ul>\n<li>Fernando Serrano, PhDc. SMIEEE, Don Bosco University<\/li>\n<li><\/li>\n<\/ul>\n<p>[\/vc_column_text][\/vc_column][\/vc_row]<\/p>\n","protected":false},"excerpt":{"rendered":"<p>[vc_row][vc_column][vc_column_text]General Chair Manuel Cardona, Ph.D. SMIEEE, Don Bosco University \/ STEAM Robotics Academy, El Salvador, Central America Steering Committee Chair Vijender Kumar Solanki, Ph.D., SMIEEE, CMR Institute of Technology, Hyderabad, TS, India Conference Treasurer Vijender Kumar Solanki, Ph.D., SMIEEE, CMR Institute of Technology, Hyderabad, TS, India Technical Program Chair Jos\u00e9 Luis Ord\u00f3\u00f1ez, PhD . Universidad [&hellip;]<\/p>\n","protected":false},"author":1,"featured_media":0,"parent":0,"menu_order":0,"comment_status":"closed","ping_status":"closed","template":"","meta":{"footnotes":""},"_links":{"self":[{"href":"https:\/\/icmlant.com\/index.php?rest_route=\/wp\/v2\/pages\/1533"}],"collection":[{"href":"https:\/\/icmlant.com\/index.php?rest_route=\/wp\/v2\/pages"}],"about":[{"href":"https:\/\/icmlant.com\/index.php?rest_route=\/wp\/v2\/types\/page"}],"author":[{"embeddable":true,"href":"https:\/\/icmlant.com\/index.php?rest_route=\/wp\/v2\/users\/1"}],"replies":[{"embeddable":true,"href":"https:\/\/icmlant.com\/index.php?rest_route=%2Fwp%2Fv2%2Fcomments&post=1533"}],"version-history":[{"count":32,"href":"https:\/\/icmlant.com\/index.php?rest_route=\/wp\/v2\/pages\/1533\/revisions"}],"predecessor-version":[{"id":2134,"href":"https:\/\/icmlant.com\/index.php?rest_route=\/wp\/v2\/pages\/1533\/revisions\/2134"}],"wp:attachment":[{"href":"https:\/\/icmlant.com\/index.php?rest_route=%2Fwp%2Fv2%2Fmedia&parent=1533"}],"curies":[{"name":"wp","href":"https:\/\/api.w.org\/{rel}","templated":true}]}}